{"id":57389,"date":"2026-01-19T10:22:04","date_gmt":"2026-01-19T07:22:04","guid":{"rendered":"https:\/\/tech.istanbul\/v2\/?page_id=57389"},"modified":"2026-01-19T10:29:24","modified_gmt":"2026-01-19T07:29:24","slug":"geleceginteknokurucularibootcamprogramikayitformu","status":"publish","type":"page","link":"https:\/\/tech.istanbul\/v2\/en\/geleceginteknokurucularibootcamprogramikayitformu\/","title":{"rendered":"Gelece\u011fin Tekno-Kurucular\u0131 Bootcamp Program\u0131 Kay\u0131t Formu"},"content":{"rendered":"<div data-elementor-type=\"wp-page\" data-elementor-id=\"57389\" class=\"elementor elementor-57389\">\n\t\t\t\t<div class=\"elementor-element elementor-element-9965e1f e-con-full e-flex e-con e-parent\" data-id=\"9965e1f\" data-element_type=\"container\" data-e-type=\"container\" data-settings=\"{&quot;background_background&quot;:&quot;classic&quot;}\">\n\t\t\t\t<\/div>\n\t\t<div class=\"elementor-element elementor-element-8043e24 e-flex e-con-boxed e-con e-parent\" data-id=\"8043e24\" data-element_type=\"container\" data-e-type=\"container\" data-settings=\"{&quot;background_background&quot;:&quot;classic&quot;}\">\n\t\t\t\t\t<div class=\"e-con-inner\">\n\t\t\t\t<div class=\"elementor-element elementor-element-38818203 elementor-widget elementor-widget-text-editor\" data-id=\"38818203\" data-element_type=\"widget\" data-e-type=\"widget\" data-widget_type=\"text-editor.default\">\n\t\t\t\t<div class=\"elementor-widget-container\">\n\t\t\t\t\t\t\t\t\t<p><p>Program\u0131m\u0131za ilginiz i\u00e7in te\u015fekk\u00fcrler! Ba\u015fvuru s\u00fcresi dolmu\u015ftur. Yeni etkinliklerimiz i\u00e7in bizi takipte kal\u0131n.\ud83d\udc99 <\/p><\/p>\t\t\t\t\t\t\t\t<\/div>\n\t\t\t\t<\/div>\n\t\t\t\t\t<\/div>\n\t\t\t\t<\/div>\n\t\t\t\t<\/div>","protected":false},"excerpt":{"rendered":"","protected":false},"author":16,"featured_media":0,"parent":0,"menu_order":0,"comment_status":"closed","ping_status":"closed","template":"","meta":{"inline_featured_image":false,"footnotes":""},"class_list":["post-57389","page","type-page","status-publish","hentry"],"aioseo_notices":[],"rttpg_featured_image_url":null,"rttpg_author":{"display_name":"onur.tasdemir","author_link":"https:\/\/tech.istanbul\/v2\/en\/author\/onur-tasdemir\/"},"rttpg_comment":0,"rttpg_category":false,"rttpg_excerpt":null,"_links":{"self":[{"href":"https:\/\/tech.istanbul\/v2\/en\/wp-json\/wp\/v2\/pages\/57389","targetHints":{"allow":["GET"]}}],"collection":[{"href":"https:\/\/tech.istanbul\/v2\/en\/wp-json\/wp\/v2\/pages"}],"about":[{"href":"https:\/\/tech.istanbul\/v2\/en\/wp-json\/wp\/v2\/types\/page"}],"author":[{"embeddable":true,"href":"https:\/\/tech.istanbul\/v2\/en\/wp-json\/wp\/v2\/users\/16"}],"replies":[{"embeddable":true,"href":"https:\/\/tech.istanbul\/v2\/en\/wp-json\/wp\/v2\/comments?post=57389"}],"version-history":[{"count":5,"href":"https:\/\/tech.istanbul\/v2\/en\/wp-json\/wp\/v2\/pages\/57389\/revisions"}],"predecessor-version":[{"id":57397,"href":"https:\/\/tech.istanbul\/v2\/en\/wp-json\/wp\/v2\/pages\/57389\/revisions\/57397"}],"wp:attachment":[{"href":"https:\/\/tech.istanbul\/v2\/en\/wp-json\/wp\/v2\/media?parent=57389"}],"curies":[{"name":"wp","href":"https:\/\/api.w.org\/{rel}","templated":true}]}}